{"id":3171,"date":"2026-04-10T15:43:46","date_gmt":"2026-04-10T15:43:46","guid":{"rendered":"https:\/\/sylver.cambia-marketing.it\/?page_id=3171"},"modified":"2026-04-13T14:12:55","modified_gmt":"2026-04-13T14:12:55","slug":"sambonet","status":"publish","type":"page","link":"https:\/\/sylverrappresentanze.it\/en\/brand\/sambonet\/","title":{"rendered":"Sambonet"},"content":{"rendered":"\t\t<div data-elementor-type=\"wp-page\" data-elementor-id=\"3171\" class=\"elementor elementor-3171\" data-elementor-post-type=\"page\">\n\t\t\t\t<div class=\"elementor-element elementor-element-05b0157 e-con-full e-flex e-con e-parent\" data-id=\"05b0157\" data-element_type=\"container\" data-e-type=\"container\" data-settings=\"{&quot;background_background&quot;:&quot;classic&quot;}\">\n\t\t<div class=\"elementor-element elementor-element-bc84208 e-con-full e-flex e-con e-child\" data-id=\"bc84208\" data-element_type=\"container\" data-e-type=\"container\" data-settings=\"{&quot;background_background&quot;:&quot;classic&quot;}\">\n\t\t\t\t<\/div>\n\t\t<div class=\"elementor-element elementor-element-1a270c4 e-flex e-con-boxed e-con e-child\" data-id=\"1a270c4\" data-element_type=\"container\" data-e-type=\"container\" data-settings=\"{&quot;background_background&quot;:&quot;classic&quot;}\">\n\t\t\t\t\t<div class=\"e-con-inner\">\n\t\t\t\t<div class=\"elementor-element elementor-element-487fd79 elementor-widget elementor-widget-heading\" data-id=\"487fd79\" data-element_type=\"widget\" data-e-type=\"widget\" data-widget_type=\"heading.default\">\n\t\t\t\t\t<h2 class=\"elementor-heading-title elementor-size-default\">Sambonet<\/h2>\t\t\t\t<\/div>\n\t\t\t\t<div class=\"elementor-element elementor-element-79b7220 elementor-widget__width-initial elementor-widget elementor-widget-text-editor\" data-id=\"79b7220\" data-element_type=\"widget\" data-e-type=\"widget\" data-widget_type=\"text-editor.default\">\n\t\t\t\t\t\t\t\t\t<p data-start=\"0\" data-end=\"301\"><span class=\"hover:entity-accent entity-underline inline cursor-pointer align-baseline\"><span class=\"whitespace-normal\">Sambonet<\/span><\/span> \u00e8 uno dei marchi pi\u00f9 prestigiosi nel panorama internazionale della tavola e della cucina, simbolo di eleganza, qualit\u00e0 e tradizione italiana. Da oltre un secolo sviluppa collezioni che uniscono design raffinato e innovazione, collaborando con importanti designer.<\/p><p data-start=\"303\" data-end=\"547\" data-is-last-node=\"\" data-is-only-node=\"\">Per il settore hospitality, Sambonet propone soluzioni complete per la mise en place: posate, accessori e articoli per la tavola pensati per un utilizzo professionale, capaci di valorizzare ogni esperienza gastronomica con stile e funzionalit\u00e0.<\/p>\t\t\t\t\t\t\t\t<\/div>\n\t\t\t\t<div class=\"elementor-element elementor-element-fc5ba35 elementor-hidden-tablet elementor-hidden-mobile elementor-widget elementor-widget-heading\" data-id=\"fc5ba35\" data-element_type=\"widget\" data-e-type=\"widget\" data-settings=\"{&quot;sticky&quot;:&quot;top&quot;,&quot;sticky_offset&quot;:50,&quot;sticky_on&quot;:[&quot;desktop&quot;,&quot;tablet&quot;,&quot;mobile&quot;],&quot;sticky_effects_offset&quot;:0,&quot;sticky_anchor_link_offset&quot;:0}\" data-widget_type=\"heading.default\">\n\t\t\t\t\t<h2 class=\"elementor-heading-title elementor-size-default\">SYLVER<\/h2>\t\t\t\t<\/div>\n\t\t\t\t<div class=\"elementor-element elementor-element-53180ac elementor-align-left bottone-sylver elementor-hidden-tablet elementor-hidden-mobile elementor-widget elementor-widget-button\" data-id=\"53180ac\" data-element_type=\"widget\" data-e-type=\"widget\" data-widget_type=\"button.default\">\n\t\t\t\t\t\t\t\t\t\t<a class=\"elementor-button elementor-button-link elementor-size-sm\" href=\"\/contatti\">\n\t\t\t\t\t\t<span class=\"elementor-button-content-wrapper\">\n\t\t\t\t\t\t<span class=\"elementor-button-icon\">\n\t\t\t\t<svg xmlns=\"http:\/\/www.w3.org\/2000\/svg\" width=\"25\" height=\"16\" viewBox=\"0 0 25 16\" fill=\"none\"><g clip-path=\"url(#clip0_5138_3)\"><path d=\"M15.4367 0.5L24.4999 7.97069M24.4999 7.97069L15.4852 15.4999M24.4999 7.97069L0.5 8.04841\" stroke=\"#244440\" stroke-linecap=\"round\"><\/path><\/g><defs><clipPath id=\"clip0_5138_3\"><rect width=\"25\" height=\"16\" fill=\"white\"><\/rect><\/clipPath><\/defs><\/svg>\t\t\t<\/span>\n\t\t\t\t\t\t\t\t\t<span class=\"elementor-button-text\">Contatta il Commerciale<\/span>\n\t\t\t\t\t<\/span>\n\t\t\t\t\t<\/a>\n\t\t\t\t\t\t\t\t<\/div>\n\t\t\t\t\t<\/div>\n\t\t\t\t<\/div>\n\t\t<div class=\"elementor-element elementor-element-abc03da e-con-full e-flex e-con e-child\" data-id=\"abc03da\" data-element_type=\"container\" data-e-type=\"container\">\n\t\t<div class=\"elementor-element elementor-element-4c12964 e-con-full elementor-hidden-tablet elementor-hidden-mobile e-flex e-con e-child\" data-id=\"4c12964\" data-element_type=\"container\" data-e-type=\"container\" data-settings=\"{&quot;background_background&quot;:&quot;classic&quot;}\">\n\t\t<div class=\"elementor-element elementor-element-f39580d e-con-full e-flex e-con e-child\" data-id=\"f39580d\" data-element_type=\"container\" data-e-type=\"container\" data-settings=\"{&quot;background_background&quot;:&quot;classic&quot;}\">\n\t\t\t\t<\/div>\n\t\t\t\t<\/div>\n\t\t\t\t<\/div>\n\t\t\t\t<\/div>\n\t\t\t\t<\/div>\n\t\t","protected":false},"excerpt":{"rendered":"<p>Sambonet Sambonet \u00e8 uno dei marchi pi\u00f9 prestigiosi nel panorama internazionale della tavola e della cucina, simbolo di eleganza, qualit\u00e0 e tradizione italiana. Da oltre un secolo sviluppa collezioni che uniscono design raffinato e innovazione, collaborando con importanti designer. Per il settore hospitality, Sambonet propone soluzioni complete per la mise en place: posate, accessori e [&hellip;]<\/p>\n","protected":false},"author":1,"featured_media":0,"parent":2175,"menu_order":0,"comment_status":"closed","ping_status":"closed","template":"","meta":{"footnotes":""},"class_list":["post-3171","page","type-page","status-publish","hentry"],"_links":{"self":[{"href":"https:\/\/sylverrappresentanze.it\/en\/wp-json\/wp\/v2\/pages\/3171","targetHints":{"allow":["GET"]}}],"collection":[{"href":"https:\/\/sylverrappresentanze.it\/en\/wp-json\/wp\/v2\/pages"}],"about":[{"href":"https:\/\/sylverrappresentanze.it\/en\/wp-json\/wp\/v2\/types\/page"}],"author":[{"embeddable":true,"href":"https:\/\/sylverrappresentanze.it\/en\/wp-json\/wp\/v2\/users\/1"}],"replies":[{"embeddable":true,"href":"https:\/\/sylverrappresentanze.it\/en\/wp-json\/wp\/v2\/comments?post=3171"}],"version-history":[{"count":13,"href":"https:\/\/sylverrappresentanze.it\/en\/wp-json\/wp\/v2\/pages\/3171\/revisions"}],"predecessor-version":[{"id":3707,"href":"https:\/\/sylverrappresentanze.it\/en\/wp-json\/wp\/v2\/pages\/3171\/revisions\/3707"}],"up":[{"embeddable":true,"href":"https:\/\/sylverrappresentanze.it\/en\/wp-json\/wp\/v2\/pages\/2175"}],"wp:attachment":[{"href":"https:\/\/sylverrappresentanze.it\/en\/wp-json\/wp\/v2\/media?parent=3171"}],"curies":[{"name":"wp","href":"https:\/\/api.w.org\/{rel}","templated":true}]}}