{"id":1654,"date":"2026-03-27T11:44:31","date_gmt":"2026-03-27T11:44:31","guid":{"rendered":"https:\/\/sylver.cambia-marketing.it\/?page_id=1654"},"modified":"2026-04-13T14:11:47","modified_gmt":"2026-04-13T14:11:47","slug":"rosenthal","status":"publish","type":"page","link":"https:\/\/sylverrappresentanze.it\/en\/brand\/rosenthal\/","title":{"rendered":"Rosenthal"},"content":{"rendered":"\t\t<div data-elementor-type=\"wp-page\" data-elementor-id=\"1654\" class=\"elementor elementor-1654\" data-elementor-post-type=\"page\">\n\t\t\t\t<div class=\"elementor-element elementor-element-05b0157 e-con-full e-flex e-con e-parent\" data-id=\"05b0157\" data-element_type=\"container\" data-e-type=\"container\" data-settings=\"{&quot;background_background&quot;:&quot;classic&quot;}\">\n\t\t<div class=\"elementor-element elementor-element-bc84208 e-con-full e-flex e-con e-child\" data-id=\"bc84208\" data-element_type=\"container\" data-e-type=\"container\" data-settings=\"{&quot;background_background&quot;:&quot;classic&quot;}\">\n\t\t\t\t<\/div>\n\t\t<div class=\"elementor-element elementor-element-1a270c4 e-flex e-con-boxed e-con e-child\" data-id=\"1a270c4\" data-element_type=\"container\" data-e-type=\"container\" data-settings=\"{&quot;background_background&quot;:&quot;classic&quot;}\">\n\t\t\t\t\t<div class=\"e-con-inner\">\n\t\t\t\t<div class=\"elementor-element elementor-element-487fd79 elementor-widget elementor-widget-heading\" data-id=\"487fd79\" data-element_type=\"widget\" data-e-type=\"widget\" data-widget_type=\"heading.default\">\n\t\t\t\t\t<h2 class=\"elementor-heading-title elementor-size-default\">Rosenthal<\/h2>\t\t\t\t<\/div>\n\t\t\t\t<div class=\"elementor-element elementor-element-79b7220 elementor-widget__width-initial elementor-widget elementor-widget-text-editor\" data-id=\"79b7220\" data-element_type=\"widget\" data-e-type=\"widget\" data-widget_type=\"text-editor.default\">\n\t\t\t\t\t\t\t\t\t<p>Rosenthal \u00e8 uno dei marchi pi\u00f9 riconosciuti a livello internazionale nel mondo della porcellana, sinonimo di qualit\u00e0, innovazione e design. Da oltre un secolo collabora con designer e architetti di fama per creare collezioni che uniscono estetica contemporanea e funzionalit\u00e0.<\/p><p>Per il settore hospitality, Rosenthal offre soluzioni complete per la tavola professionale: porcellane resistenti, eleganti e pensate per un utilizzo intensivo, capaci di valorizzare la presentazione e contribuire all\u2019identit\u00e0 del servizio.<\/p>\t\t\t\t\t\t\t\t<\/div>\n\t\t\t\t<div class=\"elementor-element elementor-element-234c681 elementor-hidden-tablet elementor-hidden-mobile elementor-widget elementor-widget-heading\" data-id=\"234c681\" data-element_type=\"widget\" data-e-type=\"widget\" data-settings=\"{&quot;sticky&quot;:&quot;top&quot;,&quot;sticky_offset&quot;:50,&quot;sticky_on&quot;:[&quot;desktop&quot;,&quot;tablet&quot;,&quot;mobile&quot;],&quot;sticky_effects_offset&quot;:0,&quot;sticky_anchor_link_offset&quot;:0}\" data-widget_type=\"heading.default\">\n\t\t\t\t\t<h2 class=\"elementor-heading-title elementor-size-default\">SYLVER<\/h2>\t\t\t\t<\/div>\n\t\t\t\t<div class=\"elementor-element elementor-element-691c513 elementor-align-left bottone-sylver elementor-hidden-tablet elementor-hidden-mobile elementor-widget elementor-widget-button\" data-id=\"691c513\" data-element_type=\"widget\" data-e-type=\"widget\" data-widget_type=\"button.default\">\n\t\t\t\t\t\t\t\t\t\t<a class=\"elementor-button elementor-button-link elementor-size-sm\" href=\"\/contatti\">\n\t\t\t\t\t\t<span class=\"elementor-button-content-wrapper\">\n\t\t\t\t\t\t<span class=\"elementor-button-icon\">\n\t\t\t\t<svg xmlns=\"http:\/\/www.w3.org\/2000\/svg\" width=\"25\" height=\"16\" viewBox=\"0 0 25 16\" fill=\"none\"><g clip-path=\"url(#clip0_5138_3)\"><path d=\"M15.4367 0.5L24.4999 7.97069M24.4999 7.97069L15.4852 15.4999M24.4999 7.97069L0.5 8.04841\" stroke=\"#244440\" stroke-linecap=\"round\"><\/path><\/g><defs><clipPath id=\"clip0_5138_3\"><rect width=\"25\" height=\"16\" fill=\"white\"><\/rect><\/clipPath><\/defs><\/svg>\t\t\t<\/span>\n\t\t\t\t\t\t\t\t\t<span class=\"elementor-button-text\">Contatta il Commerciale<\/span>\n\t\t\t\t\t<\/span>\n\t\t\t\t\t<\/a>\n\t\t\t\t\t\t\t\t<\/div>\n\t\t\t\t\t<\/div>\n\t\t\t\t<\/div>\n\t\t<div class=\"elementor-element elementor-element-abc03da e-con-full e-flex e-con e-child\" data-id=\"abc03da\" data-element_type=\"container\" data-e-type=\"container\">\n\t\t<div class=\"elementor-element elementor-element-ad95670 e-con-full elementor-hidden-tablet elementor-hidden-mobile e-flex e-con e-child\" data-id=\"ad95670\" data-element_type=\"container\" data-e-type=\"container\" data-settings=\"{&quot;background_background&quot;:&quot;classic&quot;}\">\n\t\t<div class=\"elementor-element elementor-element-536346e e-con-full e-flex e-con e-child\" data-id=\"536346e\" data-element_type=\"container\" data-e-type=\"container\" data-settings=\"{&quot;background_background&quot;:&quot;classic&quot;}\">\n\t\t\t\t<\/div>\n\t\t\t\t<\/div>\n\t\t\t\t<\/div>\n\t\t\t\t<\/div>\n\t\t\t\t<\/div>\n\t\t","protected":false},"excerpt":{"rendered":"<p>Rosenthal Rosenthal \u00e8 uno dei marchi pi\u00f9 riconosciuti a livello internazionale nel mondo della porcellana, sinonimo di qualit\u00e0, innovazione e design. Da oltre un secolo collabora con designer e architetti di fama per creare collezioni che uniscono estetica contemporanea e funzionalit\u00e0. Per il settore hospitality, Rosenthal offre soluzioni complete per la tavola professionale: porcellane resistenti, [&hellip;]<\/p>\n","protected":false},"author":1,"featured_media":0,"parent":2175,"menu_order":0,"comment_status":"closed","ping_status":"closed","template":"","meta":{"footnotes":""},"class_list":["post-1654","page","type-page","status-publish","hentry"],"_links":{"self":[{"href":"https:\/\/sylverrappresentanze.it\/en\/wp-json\/wp\/v2\/pages\/1654","targetHints":{"allow":["GET"]}}],"collection":[{"href":"https:\/\/sylverrappresentanze.it\/en\/wp-json\/wp\/v2\/pages"}],"about":[{"href":"https:\/\/sylverrappresentanze.it\/en\/wp-json\/wp\/v2\/types\/page"}],"author":[{"embeddable":true,"href":"https:\/\/sylverrappresentanze.it\/en\/wp-json\/wp\/v2\/users\/1"}],"replies":[{"embeddable":true,"href":"https:\/\/sylverrappresentanze.it\/en\/wp-json\/wp\/v2\/comments?post=1654"}],"version-history":[{"count":259,"href":"https:\/\/sylverrappresentanze.it\/en\/wp-json\/wp\/v2\/pages\/1654\/revisions"}],"predecessor-version":[{"id":3703,"href":"https:\/\/sylverrappresentanze.it\/en\/wp-json\/wp\/v2\/pages\/1654\/revisions\/3703"}],"up":[{"embeddable":true,"href":"https:\/\/sylverrappresentanze.it\/en\/wp-json\/wp\/v2\/pages\/2175"}],"wp:attachment":[{"href":"https:\/\/sylverrappresentanze.it\/en\/wp-json\/wp\/v2\/media?parent=1654"}],"curies":[{"name":"wp","href":"https:\/\/api.w.org\/{rel}","templated":true}]}}